{"id":5869,"date":"2025-11-26T10:34:41","date_gmt":"2025-11-26T09:34:41","guid":{"rendered":"https:\/\/unpasdecote.bzh\/?page_id=5869"},"modified":"2026-02-05T22:21:25","modified_gmt":"2026-02-05T21:21:25","slug":"prendre-rdv-3","status":"publish","type":"page","link":"https:\/\/unpasdecote.bzh\/index.php\/prendre-rdv-3\/","title":{"rendered":"Prendre rdv"},"content":{"rendered":"\t\t<div data-elementor-type=\"wp-page\" data-elementor-id=\"5869\" class=\"elementor elementor-5869\">\n\t\t\t\t\t\t<section class=\"elementor-section elementor-top-section elementor-element elementor-element-5636268 elementor-section-boxed elementor-section-height-default elementor-section-height-default\" data-id=\"5636268\" data-element_type=\"section\" data-e-type=\"section\">\n\t\t\t\t\t\t<div class=\"elementor-container elementor-column-gap-default\">\n\t\t\t\t\t<div class=\"elementor-column elementor-col-100 elementor-top-column elementor-element elementor-element-aa48966\" data-id=\"aa48966\" data-element_type=\"column\" data-e-type=\"column\">\n\t\t\t<div class=\"elementor-widget-wrap elementor-element-populated\">\n\t\t\t\t\t\t<div class=\"elementor-element elementor-element-28c589a elementor-align-center elementor-widget elementor-widget-button\" data-id=\"28c589a\" data-element_type=\"widget\" data-e-type=\"widget\" data-widget_type=\"button.default\">\n\t\t\t\t<div class=\"elementor-widget-container\">\n\t\t\t\t\t\t\t\t\t<div class=\"elementor-button-wrapper\">\n\t\t\t\t\t<a class=\"elementor-button elementor-button-link elementor-size-sm\" href=\"https:\/\/unpasdecote.bzh\/\">\n\t\t\t\t\t\t<span class=\"elementor-button-content-wrapper\">\n\t\t\t\t\t\t\t\t\t<span class=\"elementor-button-text\">Retour sur le site<\/span>\n\t\t\t\t\t<\/span>\n\t\t\t\t\t<\/a>\n\t\t\t\t<\/div>\n\t\t\t\t\t\t\t\t<\/div>\n\t\t\t\t<\/div>\n\t\t\t\t\t<\/div>\n\t\t<\/div>\n\t\t\t\t\t<\/div>\n\t\t<\/section>\n\t\t\t\t<section class=\"elementor-section elementor-top-section elementor-element elementor-element-2e4f7f7 elementor-section-boxed elementor-section-height-default elementor-section-height-default\" data-id=\"2e4f7f7\" data-element_type=\"section\" data-e-type=\"section\">\n\t\t\t\t\t\t<div class=\"elementor-container elementor-column-gap-default\">\n\t\t\t\t\t<div class=\"elementor-column elementor-col-100 elementor-top-column elementor-element elementor-element-9272acb\" data-id=\"9272acb\" data-element_type=\"column\" data-e-type=\"column\">\n\t\t\t<div class=\"elementor-widget-wrap elementor-element-populated\">\n\t\t\t\t\t\t<div class=\"elementor-element elementor-element-bbbd8b6 elementor-widget elementor-widget-html\" data-id=\"bbbd8b6\" data-element_type=\"widget\" data-e-type=\"widget\" data-widget_type=\"html.default\">\n\t\t\t\t<div class=\"elementor-widget-container\">\n\t\t\t\t\t<!DOCTYPE html>\r\n<html lang=\"fr\">\r\n<head>\r\n    <meta charset=\"UTF-8\">\r\n    <meta name=\"viewport\" content=\"width=device-width, initial-scale=1.0\">\r\n    <title>R\u00e9server une s\u00e9ance<\/title>\r\n    <style>\r\n        * {\r\n            margin: 0;\r\n            padding: 0;\r\n            box-sizing: border-box;\r\n        }\r\n        \r\n        body {\r\n            font-family: -apple-system, BlinkMacSystemFont, 'Segoe UI', Roboto, Oxygen, Ubuntu, Cantarell, sans-serif;\r\n            background: #f5f5f5;\r\n            min-height: 100vh;\r\n            padding: 20px;\r\n        }\r\n        \r\n        .container {\r\n            max-width: 1200px;\r\n            margin: 0 auto;\r\n            background: white;\r\n            border-radius: 16px;\r\n            box-shadow: 0 20px 60px rgba(0, 0, 0, 0.3);\r\n            overflow: hidden;\r\n        }\r\n        \r\n        .header {\r\n            background: white;\r\n            color: #2c3e50;\r\n            padding: 20px 30px;\r\n            text-align: center;\r\n            border-bottom: 1px solid #e0e0e0;\r\n        }\r\n        \r\n        .header-subtitle {\r\n            font-size: 13px;\r\n            color: #86BCD3;\r\n            margin-bottom: 6px;\r\n        }\r\n        \r\n        .header h1 {\r\n            font-size: 24px;\r\n            margin-bottom: 6px;\r\n            color: #2c3e50;\r\n        }\r\n        \r\n        .header-duration {\r\n            font-size: 14px;\r\n            color: #5a6c7d;\r\n        }\r\n        \r\n        .calendly-container {\r\n            padding: 0;\r\n            background: white;\r\n        }\r\n        \r\n        @media (max-width: 768px) {\r\n            body {\r\n                padding: 10px;\r\n            }\r\n            \r\n            .header {\r\n                padding: 20px;\r\n            }\r\n            \r\n            .header h1 {\r\n                font-size: 22px;\r\n            }\r\n            \r\n            .header-subtitle,\r\n            .header-duration {\r\n                font-size: 13px;\r\n            }\r\n        }\r\n    <\/style>\r\n<\/head>\r\n<body>\r\n    <div class=\"container\">\r\n        <div class=\"header\">\r\n            <div class=\"header-subtitle\">Patrick Le Solliec - Accompagnement en ligne<\/div>\r\n            <h1>\ud83d\udcac On en parle ensemble ?<\/h1>\r\n            <div class=\"header-duration\">S\u00e9ance d\u00e9couverte offerte de 30 min<\/div>\r\n        <\/div>\r\n        \r\n        <div class=\"calendly-container\">\r\n            <!-- Calendly iframe embed begin -->\r\n            <iframe \r\n                src=\"https:\/\/calendly.com\/unpasdecote\/seance-therapie-decouverte-en-ligne?locale=fr&hide_gdpr_banner=1&hide_event_type_details=1&embed_domain=localhost&embed_type=Inline\" \r\n                width=\"100%\" \r\n                height=\"500\" \r\n                frameborder=\"0\"\r\n                scrolling=\"yes\"\r\n                style=\"min-height: 500px;\">\r\n            <\/iframe>\r\n            \r\n            <!-- Calendly iframe embed end -->\r\n        <\/div>\r\n    <\/div>\r\n<\/body>\r\n<\/html>\t\t\t\t<\/div>\n\t\t\t\t<\/div>\n\t\t\t\t\t<\/div>\n\t\t<\/div>\n\t\t\t\t\t<\/div>\n\t\t<\/section>\n\t\t\t\t<section class=\"elementor-section elementor-top-section elementor-element elementor-element-1d05bf2 elementor-section-boxed elementor-section-height-default elementor-section-height-default\" data-id=\"1d05bf2\" data-element_type=\"section\" data-e-type=\"section\">\n\t\t\t\t\t\t<div class=\"elementor-container elementor-column-gap-default\">\n\t\t\t\t\t<div class=\"elementor-column elementor-col-100 elementor-top-column elementor-element elementor-element-f7cb3ba\" data-id=\"f7cb3ba\" data-element_type=\"column\" data-e-type=\"column\">\n\t\t\t<div class=\"elementor-widget-wrap elementor-element-populated\">\n\t\t\t\t\t\t<div class=\"elementor-element elementor-element-47c3747 elementor-widget elementor-widget-text-editor\" data-id=\"47c3747\" data-element_type=\"widget\" data-e-type=\"widget\" data-widget_type=\"text-editor.default\">\n\t\t\t\t<div class=\"elementor-widget-container\">\n\t\t\t\t\t\t\t\t\t<p><strong>Aucun de ces cr\u00e9neaux ne vous convient ?<\/strong> <br \/><em>Indiquez moi vos disponibilit\u00e9s via le bouton<\/em><\/p><p><em> ci-dessous, <\/em><em>on trouvera une solution ensemble.\u00a0<\/em><\/p>\t\t\t\t\t\t\t\t<\/div>\n\t\t\t\t<\/div>\n\t\t\t\t\t<\/div>\n\t\t<\/div>\n\t\t\t\t\t<\/div>\n\t\t<\/section>\n\t\t\t\t<section class=\"elementor-section elementor-top-section elementor-element elementor-element-3fc21dc4 elementor-section-boxed elementor-section-height-default elementor-section-height-default\" data-id=\"3fc21dc4\" data-element_type=\"section\" data-e-type=\"section\">\n\t\t\t\t\t\t<div class=\"elementor-container elementor-column-gap-default\">\n\t\t\t\t\t<div class=\"elementor-column elementor-col-100 elementor-top-column elementor-element elementor-element-586ca2a7\" data-id=\"586ca2a7\" data-element_type=\"column\" data-e-type=\"column\">\n\t\t\t<div class=\"elementor-widget-wrap elementor-element-populated\">\n\t\t\t\t\t\t<div class=\"elementor-element elementor-element-49637851 elementor-align-center elementor-widget elementor-widget-button\" data-id=\"49637851\" data-element_type=\"widget\" data-e-type=\"widget\" data-widget_type=\"button.default\">\n\t\t\t\t<div class=\"elementor-widget-container\">\n\t\t\t\t\t\t\t\t\t<div class=\"elementor-button-wrapper\">\n\t\t\t\t\t<a class=\"elementor-button elementor-button-link elementor-size-sm\" href=\"#popmake-6748\" id=\"5100\">\n\t\t\t\t\t\t<span class=\"elementor-button-content-wrapper\">\n\t\t\t\t\t\t\t\t\t<span class=\"elementor-button-text\">J'indique mes disponibilit\u00e9s <\/span>\n\t\t\t\t\t<\/span>\n\t\t\t\t\t<\/a>\n\t\t\t\t<\/div>\n\t\t\t\t\t\t\t\t<\/div>\n\t\t\t\t<\/div>\n\t\t\t\t\t<\/div>\n\t\t<\/div>\n\t\t\t\t\t<\/div>\n\t\t<\/section>\n\t\t\t\t<section class=\"elementor-section elementor-top-section elementor-element elementor-element-5b6eb68 elementor-section-boxed elementor-section-height-default elementor-section-height-default\" data-id=\"5b6eb68\" data-element_type=\"section\" data-e-type=\"section\">\n\t\t\t\t\t\t<div class=\"elementor-container elementor-column-gap-default\">\n\t\t\t\t\t<div class=\"elementor-column elementor-col-100 elementor-top-column elementor-element elementor-element-4a66c03\" data-id=\"4a66c03\" data-element_type=\"column\" data-e-type=\"column\">\n\t\t\t<div class=\"elementor-widget-wrap elementor-element-populated\">\n\t\t\t\t\t\t<div class=\"elementor-element elementor-element-229a1ef elementor-widget elementor-widget-spacer\" data-id=\"229a1ef\" data-element_type=\"widget\" data-e-type=\"widget\" data-widget_type=\"spacer.default\">\n\t\t\t\t<div class=\"elementor-widget-container\">\n\t\t\t\t\t\t\t<div class=\"elementor-spacer\">\n\t\t\t<div class=\"elementor-spacer-inner\"><\/div>\n\t\t<\/div>\n\t\t\t\t\t\t<\/div>\n\t\t\t\t<\/div>\n\t\t\t\t\t<\/div>\n\t\t<\/div>\n\t\t\t\t\t<\/div>\n\t\t<\/section>\n\t\t\t\t<\/div>\n\t\t","protected":false},"excerpt":{"rendered":"<p>Retour sur le site R\u00e9server une s\u00e9ance Patrick Le Solliec &#8211; Accompagnement en ligne \ud83d\udcac On en parle ensemble ? S\u00e9ance d\u00e9couverte offerte de 30 min Aucun de ces cr\u00e9neaux ne vous convient ? Indiquez moi vos disponibilit\u00e9s via le bouton ci-dessous, on trouvera une solution ensemble.\u00a0 J&rsquo;indique mes disponibilit\u00e9s<\/p>\n","protected":false},"author":1,"featured_media":0,"parent":0,"menu_order":0,"comment_status":"closed","ping_status":"closed","template":"","meta":{"site-sidebar-layout":"no-sidebar","site-content-layout":"page-builder","ast-site-content-layout":"full-width-container","site-content-style":"default","site-sidebar-style":"default","ast-global-header-display":"","ast-banner-title-visibility":"","ast-main-header-display":"","ast-hfb-above-header-display":"","ast-hfb-below-header-display":"","ast-hfb-mobile-header-display":"","site-post-title":"disabled","ast-breadcrumbs-content":"","ast-featured-img":"disabled","footer-sml-layout":"","ast-disable-related-posts":"","theme-transparent-header-meta":"","adv-header-id-meta":"","stick-header-meta":"","header-above-stick-meta":"","header-main-stick-meta":"","header-below-stick-meta":"","astra-migrate-meta-layouts":"set","ast-page-background-enabled":"default","ast-page-background-meta":{"desktop":{"background-color":"var(--ast-global-color-4)","background-image":"","background-repeat":"repeat","background-position":"center center","background-size":"auto","background-attachment":"scroll","background-type":"","background-media":"","overlay-type":"","overlay-color":"","overlay-opacity":"","overlay-gradient":""},"tablet":{"background-color":"","background-image":"","background-repeat":"repeat","background-position":"center center","background-size":"auto","background-attachment":"scroll","background-type":"","background-media":"","overlay-type":"","overlay-color":"","overlay-opacity":"","overlay-gradient":""},"mobile":{"background-color":"","background-image":"","background-repeat":"repeat","background-position":"center center","background-size":"auto","background-attachment":"scroll","background-type":"","background-media":"","overlay-type":"","overlay-color":"","overlay-opacity":"","overlay-gradient":""}},"ast-content-background-meta":{"desktop":{"background-color":"var(--ast-global-color-5)","background-image":"","background-repeat":"repeat","background-position":"center center","background-size":"auto","background-attachment":"scroll","background-type":"","background-media":"","overlay-type":"","overlay-color":"","overlay-opacity":"","overlay-gradient":""},"tablet":{"background-color":"var(--ast-global-color-5)","background-image":"","background-repeat":"repeat","background-position":"center center","background-size":"auto","background-attachment":"scroll","background-type":"","background-media":"","overlay-type":"","overlay-color":"","overlay-opacity":"","overlay-gradient":""},"mobile":{"background-color":"var(--ast-global-color-5)","background-image":"","background-repeat":"repeat","background-position":"center center","background-size":"auto","background-attachment":"scroll","background-type":"","background-media":"","overlay-type":"","overlay-color":"","overlay-opacity":"","overlay-gradient":""}},"footnotes":""},"class_list":["post-5869","page","type-page","status-publish","hentry"],"_links":{"self":[{"href":"https:\/\/unpasdecote.bzh\/index.php\/wp-json\/wp\/v2\/pages\/5869","targetHints":{"allow":["GET"]}}],"collection":[{"href":"https:\/\/unpasdecote.bzh\/index.php\/wp-json\/wp\/v2\/pages"}],"about":[{"href":"https:\/\/unpasdecote.bzh\/index.php\/wp-json\/wp\/v2\/types\/page"}],"author":[{"embeddable":true,"href":"https:\/\/unpasdecote.bzh\/index.php\/wp-json\/wp\/v2\/users\/1"}],"replies":[{"embeddable":true,"href":"https:\/\/unpasdecote.bzh\/index.php\/wp-json\/wp\/v2\/comments?post=5869"}],"version-history":[{"count":0,"href":"https:\/\/unpasdecote.bzh\/index.php\/wp-json\/wp\/v2\/pages\/5869\/revisions"}],"wp:attachment":[{"href":"https:\/\/unpasdecote.bzh\/index.php\/wp-json\/wp\/v2\/media?parent=5869"}],"curies":[{"name":"wp","href":"https:\/\/api.w.org\/{rel}","templated":true}]}}