{"id":5961,"date":"2025-11-28T14:55:10","date_gmt":"2025-11-28T13:55:10","guid":{"rendered":"https:\/\/unpasdecote.bzh\/?page_id=5961"},"modified":"2026-02-26T10:13:27","modified_gmt":"2026-02-26T09:13:27","slug":"guide-3-outils-simples-pour-apaiser-vos-emotions","status":"publish","type":"page","link":"https:\/\/unpasdecote.bzh\/index.php\/guide-3-outils-simples-pour-apaiser-vos-emotions\/","title":{"rendered":"Guide 3 outils simples pour apaiser vos \u00e9motions"},"content":{"rendered":"\t\t<div data-elementor-type=\"wp-page\" data-elementor-id=\"5961\" class=\"elementor elementor-5961\">\n\t\t\t\t\t\t<section class=\"elementor-section elementor-top-section elementor-element elementor-element-ba15753 elementor-section-boxed elementor-section-height-default elementor-section-height-default\" data-id=\"ba15753\" data-element_type=\"section\" data-e-type=\"section\">\n\t\t\t\t\t\t<div class=\"elementor-container elementor-column-gap-default\">\n\t\t\t\t\t<div class=\"elementor-column elementor-col-100 elementor-top-column elementor-element elementor-element-4905597\" data-id=\"4905597\" data-element_type=\"column\" data-e-type=\"column\">\n\t\t\t<div class=\"elementor-widget-wrap elementor-element-populated\">\n\t\t\t\t\t\t<div class=\"elementor-element elementor-element-e7b38bf elementor-widget elementor-widget-spacer\" data-id=\"e7b38bf\" data-element_type=\"widget\" data-e-type=\"widget\" data-widget_type=\"spacer.default\">\n\t\t\t\t<div class=\"elementor-widget-container\">\n\t\t\t\t\t\t\t<div class=\"elementor-spacer\">\n\t\t\t<div class=\"elementor-spacer-inner\"><\/div>\n\t\t<\/div>\n\t\t\t\t\t\t<\/div>\n\t\t\t\t<\/div>\n\t\t\t\t\t<\/div>\n\t\t<\/div>\n\t\t\t\t\t<\/div>\n\t\t<\/section>\n\t\t\t\t<section class=\"elementor-section elementor-top-section elementor-element elementor-element-1562451 elementor-section-boxed elementor-section-height-default elementor-section-height-default\" data-id=\"1562451\" data-element_type=\"section\" data-e-type=\"section\">\n\t\t\t\t\t\t<div class=\"elementor-container elementor-column-gap-default\">\n\t\t\t\t\t<div class=\"elementor-column elementor-col-100 elementor-top-column elementor-element elementor-element-2cb4ebc\" data-id=\"2cb4ebc\" data-element_type=\"column\" data-e-type=\"column\">\n\t\t\t<div class=\"elementor-widget-wrap elementor-element-populated\">\n\t\t\t\t\t\t<div class=\"elementor-element elementor-element-d9b795c elementor-widget elementor-widget-text-editor\" data-id=\"d9b795c\" data-element_type=\"widget\" data-e-type=\"widget\" data-widget_type=\"text-editor.default\">\n\t\t\t\t<div class=\"elementor-widget-container\">\n\t\t\t\t\t\t\t\t\t<p>\ud83d\udedf <b>G\u00e9rer l&rsquo;urgence du moment<\/b><\/p><p data-path-to-node=\"16,0\">\u00a0<\/p><p data-path-to-node=\"16,0\"><b data-path-to-node=\"16,0\" data-index-in-node=\"0\">Besoin d&rsquo;un apaisement imm\u00e9diat ?<\/b><\/p><p data-path-to-node=\"16,0\">Je vous offre un guide pr\u00e9sentant 3 techniques pour calmer votre mal-\u00eatre \u00e0 l&rsquo;instant m\u00eame.<\/p><p data-path-to-node=\"16,0\">Ces outils sont parfaits pour d\u00e9buter.<\/p><p data-path-to-node=\"16,1\"><b data-path-to-node=\"16,1\" data-index-in-node=\"0\">Vous avez d\u00e9j\u00e0 tout essay\u00e9 et vos peurs et angoisses persistent ?<\/b><\/p><p data-path-to-node=\"16,1\">Mon accompagnement personnalis\u00e9 utilise des m\u00e9thodes de pointe, valid\u00e9es par l&rsquo;exp\u00e9rience, pour aller au-del\u00e0 du soulagement ponctuel et initier une v\u00e9ritable lib\u00e9ration durable.<\/p>\t\t\t\t\t\t\t\t<\/div>\n\t\t\t\t<\/div>\n\t\t\t\t\t<\/div>\n\t\t<\/div>\n\t\t\t\t\t<\/div>\n\t\t<\/section>\n\t\t\t\t<section class=\"elementor-section elementor-top-section elementor-element elementor-element-266b795 elementor-section-boxed elementor-section-height-default elementor-section-height-default\" data-id=\"266b795\" data-element_type=\"section\" data-e-type=\"section\">\n\t\t\t\t\t\t<div class=\"elementor-container elementor-column-gap-default\">\n\t\t\t\t\t<div class=\"elementor-column elementor-col-100 elementor-top-column elementor-element elementor-element-357f7e9\" data-id=\"357f7e9\" data-element_type=\"column\" data-e-type=\"column\">\n\t\t\t<div class=\"elementor-widget-wrap elementor-element-populated\">\n\t\t\t\t\t\t<div class=\"elementor-element elementor-element-5ccd038 elementor-widget elementor-widget-spacer\" data-id=\"5ccd038\" data-element_type=\"widget\" data-e-type=\"widget\" data-widget_type=\"spacer.default\">\n\t\t\t\t<div class=\"elementor-widget-container\">\n\t\t\t\t\t\t\t<div class=\"elementor-spacer\">\n\t\t\t<div class=\"elementor-spacer-inner\"><\/div>\n\t\t<\/div>\n\t\t\t\t\t\t<\/div>\n\t\t\t\t<\/div>\n\t\t\t\t\t<\/div>\n\t\t<\/div>\n\t\t\t\t\t<\/div>\n\t\t<\/section>\n\t\t\t\t<section class=\"elementor-section elementor-top-section elementor-element elementor-element-b4b3da7 elementor-section-boxed elementor-section-height-default elementor-section-height-default\" data-id=\"b4b3da7\" data-element_type=\"section\" data-e-type=\"section\" data-settings=\"{&quot;background_background&quot;:&quot;classic&quot;}\">\n\t\t\t\t\t\t<div class=\"elementor-container elementor-column-gap-default\">\n\t\t\t\t\t<div class=\"elementor-column elementor-col-50 elementor-top-column elementor-element elementor-element-b2f9773\" data-id=\"b2f9773\" data-element_type=\"column\" data-e-type=\"column\">\n\t\t\t<div class=\"elementor-widget-wrap elementor-element-populated\">\n\t\t\t\t\t\t<div class=\"elementor-element elementor-element-ebefb08 elementor-widget__width-initial elementor-widget elementor-widget-image\" data-id=\"ebefb08\" data-element_type=\"widget\" data-e-type=\"widget\" data-widget_type=\"image.default\">\n\t\t\t\t<div class=\"elementor-widget-container\">\n\t\t\t\t\t\t\t\t\t\t\t\t\t\t\t<img fetchpriority=\"high\" decoding=\"async\" width=\"447\" height=\"559\" src=\"https:\/\/unpasdecote.bzh\/wp-content\/uploads\/2025\/11\/Image-ebook-logo-unpasdecote.png\" class=\"attachment-large size-large wp-image-5697\" alt=\"\" srcset=\"https:\/\/unpasdecote.bzh\/wp-content\/uploads\/2025\/11\/Image-ebook-logo-unpasdecote.png 447w, https:\/\/unpasdecote.bzh\/wp-content\/uploads\/2025\/11\/Image-ebook-logo-unpasdecote-240x300.png 240w\" sizes=\"(max-width: 447px) 100vw, 447px\" \/>\t\t\t\t\t\t\t\t\t\t\t\t\t\t\t<\/div>\n\t\t\t\t<\/div>\n\t\t\t\t\t<\/div>\n\t\t<\/div>\n\t\t\t\t<div class=\"elementor-column elementor-col-50 elementor-top-column elementor-element elementor-element-a5e0e3e\" data-id=\"a5e0e3e\" data-element_type=\"column\" data-e-type=\"column\">\n\t\t\t<div class=\"elementor-widget-wrap elementor-element-populated\">\n\t\t\t\t\t\t<div class=\"elementor-element elementor-element-f303260 elementor-widget elementor-widget-heading\" data-id=\"f303260\" data-element_type=\"widget\" data-e-type=\"widget\" data-widget_type=\"heading.default\">\n\t\t\t\t<div class=\"elementor-widget-container\">\n\t\t\t\t\t<h2 class=\"elementor-heading-title elementor-size-default\">T\u00e9l\u00e9charger votre guide gratuit<\/h2>\t\t\t\t<\/div>\n\t\t\t\t<\/div>\n\t\t\t\t<div class=\"elementor-element elementor-element-51ad1ee elementor-widget elementor-widget-spacer\" data-id=\"51ad1ee\" data-element_type=\"widget\" data-e-type=\"widget\" data-widget_type=\"spacer.default\">\n\t\t\t\t<div class=\"elementor-widget-container\">\n\t\t\t\t\t\t\t<div class=\"elementor-spacer\">\n\t\t\t<div class=\"elementor-spacer-inner\"><\/div>\n\t\t<\/div>\n\t\t\t\t\t\t<\/div>\n\t\t\t\t<\/div>\n\t\t\t\t<div class=\"elementor-element elementor-element-437f6db elementor-widget elementor-widget-text-editor\" data-id=\"437f6db\" data-element_type=\"widget\" data-e-type=\"widget\" data-widget_type=\"text-editor.default\">\n\t\t\t\t<div class=\"elementor-widget-container\">\n\t\t\t\t\t\t\t\t\t<p><strong data-start=\"348\" data-end=\"393\">Ce que vous allez trouver dans ce guide<\/strong><\/p><p><strong data-start=\"348\" data-end=\"393\">\u2713 3 techniques valid\u00e9es<\/strong> pour apaiser instantan\u00e9ment votre syst\u00e8me nerveux<\/p><p><strong style=\"font-style: inherit;\" data-start=\"348\" data-end=\"393\">\u2713\u00a0 Des outils <\/strong><span style=\"font-style: inherit; font-weight: inherit;\">de lib\u00e9ration \u00e9motionnelle utilis\u00e9s par des milliers de personnes<\/span><\/p><p><strong data-start=\"348\" data-end=\"393\">\u2713 Techniques <\/strong>simples et rapides \u2013 r\u00e9sultats imm\u00e9diats, sans exp\u00e9rience requise<\/p>\t\t\t\t\t\t\t\t<\/div>\n\t\t\t\t<\/div>\n\t\t\t\t<div class=\"elementor-element elementor-element-7d1e15b elementor-widget elementor-widget-spacer\" data-id=\"7d1e15b\" data-element_type=\"widget\" data-e-type=\"widget\" data-widget_type=\"spacer.default\">\n\t\t\t\t<div class=\"elementor-widget-container\">\n\t\t\t\t\t\t\t<div class=\"elementor-spacer\">\n\t\t\t<div class=\"elementor-spacer-inner\"><\/div>\n\t\t<\/div>\n\t\t\t\t\t\t<\/div>\n\t\t\t\t<\/div>\n\t\t\t\t<div class=\"elementor-element elementor-element-b97fe32 elementor-widget elementor-widget-text-editor\" data-id=\"b97fe32\" data-element_type=\"widget\" data-e-type=\"widget\" data-widget_type=\"text-editor.default\">\n\t\t\t\t<div class=\"elementor-widget-container\">\n\t\t\t\t\t\t\t\t\t<p>Indiquer votre email ci-dessous pour recevoir le guide.<\/p>\t\t\t\t\t\t\t\t<\/div>\n\t\t\t\t<\/div>\n\t\t\t\t<div class=\"elementor-element elementor-element-900105e elementor-widget elementor-widget-shortcode\" data-id=\"900105e\" data-element_type=\"widget\" data-e-type=\"widget\" data-widget_type=\"shortcode.default\">\n\t\t\t\t<div class=\"elementor-widget-container\">\n\t\t\t\t\t\t\t<div class=\"elementor-shortcode\">\n<div class=\"wpcf7 no-js\" id=\"wpcf7-f5376-o1\" lang=\"fr-FR\" dir=\"ltr\" data-wpcf7-id=\"5376\">\n<div class=\"screen-reader-response\"><p role=\"status\" aria-live=\"polite\" aria-atomic=\"true\"><\/p> <ul><\/ul><\/div>\n<form action=\"\/index.php\/wp-json\/wp\/v2\/pages\/5961#wpcf7-f5376-o1\" method=\"post\" class=\"wpcf7-form init\" aria-label=\"Formulaire de contact\" novalidate=\"novalidate\" data-status=\"init\">\n<fieldset class=\"hidden-fields-container\"><input type=\"hidden\" name=\"_wpcf7\" value=\"5376\" \/><input type=\"hidden\" name=\"_wpcf7_version\" value=\"6.1.5\" \/><input type=\"hidden\" name=\"_wpcf7_locale\" value=\"fr_FR\" \/><input type=\"hidden\" name=\"_wpcf7_unit_tag\" value=\"wpcf7-f5376-o1\" \/><input type=\"hidden\" name=\"_wpcf7_container_post\" value=\"0\" \/><input type=\"hidden\" name=\"_wpcf7_posted_data_hash\" value=\"\" \/>\n<\/fieldset>\n<p><span class=\"wpcf7-form-control-wrap\" data-name=\"email\"><input size=\"40\" maxlength=\"400\" class=\"wpcf7-form-control wpcf7-email wpcf7-validates-as-required wpcf7-text wpcf7-validates-as-email\" aria-required=\"true\" aria-invalid=\"false\" placeholder=\"Votre adresse email\" value=\"\" type=\"email\" name=\"email\" \/><\/span>\n<\/p>\n<p><span class=\"wpcf7-form-control-wrap\" data-name=\"acceptation\"><span class=\"wpcf7-form-control wpcf7-acceptance\"><span class=\"wpcf7-list-item\"><label><input type=\"checkbox\" name=\"acceptation\" value=\"1\" class=\"rgpd-checkbox\" aria-invalid=\"false\" \/><span class=\"wpcf7-list-item-label\">J'accepte de recevoir le guide et les conseils. Je peux me d\u00e9sinscrire \u00e0 tout moment. <a href=\"https:\/\/unpasdecote.bzh\/index.php\/politique-de-confidentialite\/\" target=\"_blank\">Politique de confidentialit\u00e9<\/a><\/span><\/label><\/span><\/span><\/span>\n<\/p>\n<p><input class=\"wpcf7-form-control wpcf7-submit has-spinner\" type=\"submit\" value=\"Recevoir le guide maintenant\" \/>\n<\/p><input type='hidden' class='wpcf7-pum' value='{\"closepopup\":false,\"closedelay\":0,\"openpopup\":false,\"openpopup_id\":5406}' \/><div class=\"wpcf7-response-output\" aria-hidden=\"true\"><\/div>\n<\/form>\n<\/div>\n<\/div>\n\t\t\t\t\t\t<\/div>\n\t\t\t\t<\/div>\n\t\t\t\t\t<\/div>\n\t\t<\/div>\n\t\t\t\t\t<\/div>\n\t\t<\/section>\n\t\t\t\t<section class=\"elementor-section elementor-top-section elementor-element elementor-element-5636268 elementor-section-boxed elementor-section-height-default elementor-section-height-default\" data-id=\"5636268\" data-element_type=\"section\" data-e-type=\"section\">\n\t\t\t\t\t\t<div class=\"elementor-container elementor-column-gap-default\">\n\t\t\t\t\t<div class=\"elementor-column elementor-col-100 elementor-top-column elementor-element elementor-element-aa48966\" data-id=\"aa48966\" data-element_type=\"column\" data-e-type=\"column\">\n\t\t\t<div class=\"elementor-widget-wrap elementor-element-populated\">\n\t\t\t\t\t\t<div class=\"elementor-element elementor-element-28c589a elementor-align-center elementor-widget elementor-widget-button\" data-id=\"28c589a\" data-element_type=\"widget\" data-e-type=\"widget\" data-widget_type=\"button.default\">\n\t\t\t\t<div class=\"elementor-widget-container\">\n\t\t\t\t\t\t\t\t\t<div class=\"elementor-button-wrapper\">\n\t\t\t\t\t<a class=\"elementor-button elementor-button-link elementor-size-sm\" href=\"https:\/\/unpasdecote.bzh\">\n\t\t\t\t\t\t<span class=\"elementor-button-content-wrapper\">\n\t\t\t\t\t\t\t\t\t<span class=\"elementor-button-text\">Retour sur l'\u00e9cran d'accueil <\/span>\n\t\t\t\t\t<\/span>\n\t\t\t\t\t<\/a>\n\t\t\t\t<\/div>\n\t\t\t\t\t\t\t\t<\/div>\n\t\t\t\t<\/div>\n\t\t\t\t\t<\/div>\n\t\t<\/div>\n\t\t\t\t\t<\/div>\n\t\t<\/section>\n\t\t\t\t<section class=\"elementor-section elementor-top-section elementor-element elementor-element-b3c5fa6 elementor-section-boxed elementor-section-height-default elementor-section-height-default\" data-id=\"b3c5fa6\" data-element_type=\"section\" data-e-type=\"section\">\n\t\t\t\t\t\t<div class=\"elementor-container elementor-column-gap-default\">\n\t\t\t\t\t<div class=\"elementor-column elementor-col-100 elementor-top-column elementor-element elementor-element-508849d\" data-id=\"508849d\" data-element_type=\"column\" data-e-type=\"column\">\n\t\t\t<div class=\"elementor-widget-wrap elementor-element-populated\">\n\t\t\t\t\t\t<div class=\"elementor-element elementor-element-4e98d0a elementor-widget elementor-widget-heading\" data-id=\"4e98d0a\" data-element_type=\"widget\" data-e-type=\"widget\" data-widget_type=\"heading.default\">\n\t\t\t\t<div class=\"elementor-widget-container\">\n\t\t\t\t\t<h2 class=\"elementor-heading-title elementor-size-default\">Ajoutez votre titre ici<\/h2>\t\t\t\t<\/div>\n\t\t\t\t<\/div>\n\t\t\t\t\t<\/div>\n\t\t<\/div>\n\t\t\t\t\t<\/div>\n\t\t<\/section>\n\t\t\t\t<\/div>\n\t\t","protected":false},"excerpt":{"rendered":"<p>\ud83d\udedf G\u00e9rer l&rsquo;urgence du moment \u00a0 Besoin d&rsquo;un apaisement imm\u00e9diat ? Je vous offre un guide pr\u00e9sentant 3 techniques pour calmer votre mal-\u00eatre \u00e0 l&rsquo;instant m\u00eame. Ces outils sont parfaits pour d\u00e9buter. Vous avez d\u00e9j\u00e0 tout essay\u00e9 et vos peurs et angoisses persistent ? Mon accompagnement personnalis\u00e9 utilise des m\u00e9thodes de pointe, valid\u00e9es par l&rsquo;exp\u00e9rience, [&hellip;]<\/p>\n","protected":false},"author":1,"featured_media":0,"parent":0,"menu_order":0,"comment_status":"closed","ping_status":"closed","template":"","meta":{"site-sidebar-layout":"no-sidebar","site-content-layout":"page-builder","ast-site-content-layout":"full-width-container","site-content-style":"default","site-sidebar-style":"default","ast-global-header-display":"","ast-banner-title-visibility":"","ast-main-header-display":"","ast-hfb-above-header-display":"","ast-hfb-below-header-display":"","ast-hfb-mobile-header-display":"","site-post-title":"disabled","ast-breadcrumbs-content":"","ast-featured-img":"disabled","footer-sml-layout":"","ast-disable-related-posts":"","theme-transparent-header-meta":"","adv-header-id-meta":"","stick-header-meta":"","header-above-stick-meta":"","header-main-stick-meta":"","header-below-stick-meta":"","astra-migrate-meta-layouts":"set","ast-page-background-enabled":"default","ast-page-background-meta":{"desktop":{"background-color":"var(--ast-global-color-4)","background-image":"","background-repeat":"repeat","background-position":"center center","background-size":"auto","background-attachment":"scroll","background-type":"","background-media":"","overlay-type":"","overlay-color":"","overlay-opacity":"","overlay-gradient":""},"tablet":{"background-color":"","background-image":"","background-repeat":"repeat","background-position":"center center","background-size":"auto","background-attachment":"scroll","background-type":"","background-media":"","overlay-type":"","overlay-color":"","overlay-opacity":"","overlay-gradient":""},"mobile":{"background-color":"","background-image":"","background-repeat":"repeat","background-position":"center center","background-size":"auto","background-attachment":"scroll","background-type":"","background-media":"","overlay-type":"","overlay-color":"","overlay-opacity":"","overlay-gradient":""}},"ast-content-background-meta":{"desktop":{"background-color":"var(--ast-global-color-5)","background-image":"","background-repeat":"repeat","background-position":"center center","background-size":"auto","background-attachment":"scroll","background-type":"","background-media":"","overlay-type":"","overlay-color":"","overlay-opacity":"","overlay-gradient":""},"tablet":{"background-color":"var(--ast-global-color-5)","background-image":"","background-repeat":"repeat","background-position":"center center","background-size":"auto","background-attachment":"scroll","background-type":"","background-media":"","overlay-type":"","overlay-color":"","overlay-opacity":"","overlay-gradient":""},"mobile":{"background-color":"var(--ast-global-color-5)","background-image":"","background-repeat":"repeat","background-position":"center center","background-size":"auto","background-attachment":"scroll","background-type":"","background-media":"","overlay-type":"","overlay-color":"","overlay-opacity":"","overlay-gradient":""}},"footnotes":""},"class_list":["post-5961","page","type-page","status-publish","hentry"],"_links":{"self":[{"href":"https:\/\/unpasdecote.bzh\/index.php\/wp-json\/wp\/v2\/pages\/5961","targetHints":{"allow":["GET"]}}],"collection":[{"href":"https:\/\/unpasdecote.bzh\/index.php\/wp-json\/wp\/v2\/pages"}],"about":[{"href":"https:\/\/unpasdecote.bzh\/index.php\/wp-json\/wp\/v2\/types\/page"}],"author":[{"embeddable":true,"href":"https:\/\/unpasdecote.bzh\/index.php\/wp-json\/wp\/v2\/users\/1"}],"replies":[{"embeddable":true,"href":"https:\/\/unpasdecote.bzh\/index.php\/wp-json\/wp\/v2\/comments?post=5961"}],"version-history":[{"count":0,"href":"https:\/\/unpasdecote.bzh\/index.php\/wp-json\/wp\/v2\/pages\/5961\/revisions"}],"wp:attachment":[{"href":"https:\/\/unpasdecote.bzh\/index.php\/wp-json\/wp\/v2\/media?parent=5961"}],"curies":[{"name":"wp","href":"https:\/\/api.w.org\/{rel}","templated":true}]}}