{"id":6292,"date":"2025-12-03T10:44:45","date_gmt":"2025-12-03T09:44:45","guid":{"rendered":"https:\/\/unpasdecote.bzh\/?page_id=6292"},"modified":"2025-12-03T12:00:41","modified_gmt":"2025-12-03T11:00:41","slug":"politique-de-confidentialite","status":"publish","type":"page","link":"https:\/\/unpasdecote.bzh\/index.php\/politique-de-confidentialite\/","title":{"rendered":"Politique de confidentialit\u00e9"},"content":{"rendered":"\t\t<div data-elementor-type=\"wp-page\" data-elementor-id=\"6292\" class=\"elementor elementor-6292\">\n\t\t\t\t\t\t<section class=\"elementor-section elementor-top-section elementor-element elementor-element-82689b6 elementor-section-height-min-height elementor-section-stretched elementor-section-boxed elementor-section-height-default elementor-section-items-middle\" data-id=\"82689b6\" data-element_type=\"section\" data-e-type=\"section\" data-settings=\"{&quot;stretch_section&quot;:&quot;section-stretched&quot;,&quot;background_background&quot;:&quot;classic&quot;,&quot;shape_divider_bottom&quot;:&quot;curve&quot;,&quot;shape_divider_bottom_negative&quot;:&quot;yes&quot;}\">\n\t\t\t\t\t\t\t<div class=\"elementor-background-overlay\"><\/div>\n\t\t\t\t\t\t<div class=\"elementor-shape elementor-shape-bottom\" aria-hidden=\"true\" data-negative=\"true\">\n\t\t\t<svg xmlns=\"http:\/\/www.w3.org\/2000\/svg\" viewBox=\"0 0 1000 100\" preserveAspectRatio=\"none\">\n\t<path class=\"elementor-shape-fill\" d=\"M500,97C126.7,96.3,0.8,19.8,0,0v100l1000,0V1C1000,19.4,873.3,97.8,500,97z\"\/>\n<\/svg>\t\t<\/div>\n\t\t\t\t\t<div class=\"elementor-container elementor-column-gap-default\">\n\t\t\t\t\t<div class=\"elementor-column elementor-col-100 elementor-top-column elementor-element elementor-element-564b787c\" data-id=\"564b787c\" data-element_type=\"column\" data-e-type=\"column\">\n\t\t\t<div class=\"elementor-widget-wrap elementor-element-populated\">\n\t\t\t\t\t\t<div class=\"elementor-element elementor-element-2b7e08e e-transform elementor-widget__width-initial elementor-widget-mobile__width-inherit elementor-widget elementor-widget-text-editor\" data-id=\"2b7e08e\" data-element_type=\"widget\" data-e-type=\"widget\" data-settings=\"{&quot;_transform_translateX_effect&quot;:{&quot;unit&quot;:&quot;px&quot;,&quot;size&quot;:0,&quot;sizes&quot;:[]},&quot;_transform_translateX_effect_tablet&quot;:{&quot;unit&quot;:&quot;px&quot;,&quot;size&quot;:&quot;&quot;,&quot;sizes&quot;:[]},&quot;_transform_translateX_effect_mobile&quot;:{&quot;unit&quot;:&quot;px&quot;,&quot;size&quot;:&quot;&quot;,&quot;sizes&quot;:[]},&quot;_transform_translateY_effect&quot;:{&quot;unit&quot;:&quot;px&quot;,&quot;size&quot;:&quot;&quot;,&quot;sizes&quot;:[]},&quot;_transform_translateY_effect_tablet&quot;:{&quot;unit&quot;:&quot;px&quot;,&quot;size&quot;:&quot;&quot;,&quot;sizes&quot;:[]},&quot;_transform_translateY_effect_mobile&quot;:{&quot;unit&quot;:&quot;px&quot;,&quot;size&quot;:&quot;&quot;,&quot;sizes&quot;:[]}}\" data-widget_type=\"text-editor.default\">\n\t\t\t\t<div class=\"elementor-widget-container\">\n\t\t\t\t\t\t\t\t\t<h1>Politique de confidentialit\u00e9\u00a0<\/h1>\t\t\t\t\t\t\t\t<\/div>\n\t\t\t\t<\/div>\n\t\t\t\t\t<\/div>\n\t\t<\/div>\n\t\t\t\t\t<\/div>\n\t\t<\/section>\n\t\t\t\t<section class=\"elementor-section elementor-top-section elementor-element elementor-element-52a6677 elementor-section-boxed elementor-section-height-default elementor-section-height-default\" data-id=\"52a6677\" data-element_type=\"section\" data-e-type=\"section\">\n\t\t\t\t\t\t<div class=\"elementor-container elementor-column-gap-default\">\n\t\t\t\t\t<div class=\"elementor-column elementor-col-100 elementor-top-column elementor-element elementor-element-7c1f7e5\" data-id=\"7c1f7e5\" data-element_type=\"column\" data-e-type=\"column\">\n\t\t\t<div class=\"elementor-widget-wrap elementor-element-populated\">\n\t\t\t\t\t\t<div class=\"elementor-element elementor-element-beee711 elementor-widget elementor-widget-spacer\" data-id=\"beee711\" data-element_type=\"widget\" data-e-type=\"widget\" data-widget_type=\"spacer.default\">\n\t\t\t\t<div class=\"elementor-widget-container\">\n\t\t\t\t\t\t\t<div class=\"elementor-spacer\">\n\t\t\t<div class=\"elementor-spacer-inner\"><\/div>\n\t\t<\/div>\n\t\t\t\t\t\t<\/div>\n\t\t\t\t<\/div>\n\t\t\t\t\t<\/div>\n\t\t<\/div>\n\t\t\t\t\t<\/div>\n\t\t<\/section>\n\t\t\t\t<section class=\"elementor-section elementor-top-section elementor-element elementor-element-c7ddd38 elementor-section-boxed elementor-section-height-default elementor-section-height-default\" data-id=\"c7ddd38\" data-element_type=\"section\" data-e-type=\"section\">\n\t\t\t\t\t\t<div class=\"elementor-container elementor-column-gap-default\">\n\t\t\t\t\t<div class=\"elementor-column elementor-col-100 elementor-top-column elementor-element elementor-element-7d4a855\" data-id=\"7d4a855\" data-element_type=\"column\" data-e-type=\"column\">\n\t\t\t<div class=\"elementor-widget-wrap elementor-element-populated\">\n\t\t\t\t\t\t<div class=\"elementor-element elementor-element-e56302b elementor-widget elementor-widget-spacer\" data-id=\"e56302b\" data-element_type=\"widget\" data-e-type=\"widget\" data-widget_type=\"spacer.default\">\n\t\t\t\t<div class=\"elementor-widget-container\">\n\t\t\t\t\t\t\t<div class=\"elementor-spacer\">\n\t\t\t<div class=\"elementor-spacer-inner\"><\/div>\n\t\t<\/div>\n\t\t\t\t\t\t<\/div>\n\t\t\t\t<\/div>\n\t\t\t\t\t<\/div>\n\t\t<\/div>\n\t\t\t\t\t<\/div>\n\t\t<\/section>\n\t\t\t\t<section class=\"elementor-section elementor-top-section elementor-element elementor-element-e2a3585 elementor-section-boxed elementor-section-height-default elementor-section-height-default\" data-id=\"e2a3585\" data-element_type=\"section\" data-e-type=\"section\">\n\t\t\t\t\t\t<div class=\"elementor-container elementor-column-gap-default\">\n\t\t\t\t\t<div class=\"elementor-column elementor-col-100 elementor-top-column elementor-element elementor-element-7d48684\" data-id=\"7d48684\" data-element_type=\"column\" data-e-type=\"column\">\n\t\t\t<div class=\"elementor-widget-wrap elementor-element-populated\">\n\t\t\t\t\t\t<div class=\"elementor-element elementor-element-2ab031f elementor-widget elementor-widget-text-editor\" data-id=\"2ab031f\" data-element_type=\"widget\" data-e-type=\"widget\" data-widget_type=\"text-editor.default\">\n\t\t\t\t<div class=\"elementor-widget-container\">\n\t\t\t\t\t\t\t\t\t<h3>Politique de confidentialit\u00e9<\/h3>\t\t\t\t\t\t\t\t<\/div>\n\t\t\t\t<\/div>\n\t\t\t\t<div class=\"elementor-element elementor-element-ca0c58b elementor-widget__width-initial elementor-widget elementor-widget-text-editor\" data-id=\"ca0c58b\" data-element_type=\"widget\" data-e-type=\"widget\" data-widget_type=\"text-editor.default\">\n\t\t\t\t<div class=\"elementor-widget-container\">\n\t\t\t\t\t\t\t\t\t<h2 data-start=\"251\" data-end=\"327\"><strong data-start=\"256\" data-end=\"327\">Politique de confidentialit\u00e9 \u2013 Une relation fond\u00e9e sur la confiance<\/strong><\/h2><p data-start=\"329\" data-end=\"578\">Je m\u2019appelle <strong data-start=\"342\" data-end=\"364\">Patrick Le Solliec<\/strong>,<\/p><p data-start=\"329\" data-end=\"578\">Psychopraticien certifi\u00e9 ADREL \u00e0 Vannes.<\/p><p data-start=\"329\" data-end=\"578\"><br data-start=\"386\" data-end=\"389\" \/>Dans mon m\u00e9tier, la confidentialit\u00e9 et le respect de votre vie priv\u00e9e ne sont pas seulement des obligations l\u00e9gales : ce sont les bases essentielles d\u2019une relation d\u2019accompagnement sereine.<\/p><p data-start=\"580\" data-end=\"739\">Cette page vous explique de mani\u00e8re simple comment vos informations sont utilis\u00e9es lorsque vous t\u00e9l\u00e9chargez un guide, prenez rendez-vous ou recevez mes emails.<\/p><p data-start=\"580\" data-end=\"739\">\u00a0<\/p><hr data-start=\"741\" data-end=\"744\" \/><h2 data-start=\"746\" data-end=\"787\">\u00a0<\/h2><h2 data-start=\"746\" data-end=\"787\">\ud83d\udd39 1. Les informations que je collecte<\/h2><p data-start=\"788\" data-end=\"851\">Je ne demande que ce qui est n\u00e9cessaire pour vous accompagner :<\/p><ul data-start=\"853\" data-end=\"1018\"><li data-start=\"853\" data-end=\"925\"><p data-start=\"855\" data-end=\"925\">Votre <strong data-start=\"861\" data-end=\"878\">adresse email<\/strong> (pour vous envoyer le guide et mes conseils)<\/p><\/li><li data-start=\"926\" data-end=\"951\"><p data-start=\"928\" data-end=\"951\">Parfois votre <strong data-start=\"942\" data-end=\"949\">nom<\/strong><\/p><\/li><li data-start=\"952\" data-end=\"1018\"><p data-start=\"954\" data-end=\"1018\">Des donn\u00e9es techniques anonymes (statistiques de visite du site)<\/p><\/li><\/ul><p data-start=\"1020\" data-end=\"1031\">C\u2019est tout.<\/p><p data-start=\"1020\" data-end=\"1031\">\u00a0<\/p><hr data-start=\"1033\" data-end=\"1036\" \/><h2 data-start=\"1038\" data-end=\"1079\">\u00a0<\/h2><h2 data-start=\"1038\" data-end=\"1079\">\ud83d\udd39 2. Pourquoi je collecte ces donn\u00e9es<\/h2><p data-start=\"1080\" data-end=\"1122\">Vos informations me servent uniquement \u00e0 :<\/p><ul data-start=\"1124\" data-end=\"1411\"><li data-start=\"1124\" data-end=\"1197\"><p data-start=\"1126\" data-end=\"1197\">Vous envoyer le <strong data-start=\"1142\" data-end=\"1159\">guide gratuit<\/strong> ou les ressources que vous demandez<\/p><\/li><li data-start=\"1198\" data-end=\"1281\"><p data-start=\"1200\" data-end=\"1281\">Partager des <strong data-start=\"1213\" data-end=\"1279\">conseils sur la gestion \u00e9motionnelle.<\/strong><\/p><\/li><li data-start=\"1282\" data-end=\"1338\"><p data-start=\"1284\" data-end=\"1338\">Vous permettre de <strong data-start=\"1302\" data-end=\"1336\">prendre contact ou rendez-vous<\/strong><\/p><\/li><li data-start=\"1339\" data-end=\"1411\"><p data-start=\"1341\" data-end=\"1411\">M\u2019aider \u00e0 comprendre comment mon site est utilis\u00e9 (de mani\u00e8re anonyme)<\/p><\/li><\/ul><p data-start=\"1413\" data-end=\"1506\">Je ne transmets jamais vos donn\u00e9es \u00e0 d\u2019autres th\u00e9rapeutes, structures ou publicit\u00e9s externes.<\/p><p data-start=\"1413\" data-end=\"1506\">\u00a0<\/p><hr data-start=\"1508\" data-end=\"1511\" \/><h2 data-start=\"1513\" data-end=\"1540\">\u00a0<\/h2><h2 data-start=\"1513\" data-end=\"1540\">\ud83d\udd39 3. Votre consentement<\/h2><p data-start=\"1541\" data-end=\"1766\">Vous contr\u00f4lez enti\u00e8rement vos donn\u00e9es.<br data-start=\"1580\" data-end=\"1583\" \/>Lorsque vous cochez la case d&rsquo;acceptation ou que vous t\u00e9l\u00e9chargez un guide, vous donnez votre accord pour recevoir mes emails.<br data-start=\"1709\" data-end=\"1712\" \/>Vous pouvez retirer ce consentement <strong data-start=\"1748\" data-end=\"1765\">\u00e0 tout moment<\/strong>.<\/p><p data-start=\"1541\" data-end=\"1766\">\u00a0<\/p><hr data-start=\"1768\" data-end=\"1771\" \/><h2 data-start=\"1773\" data-end=\"1803\">\u00a0<\/h2><h2 data-start=\"1773\" data-end=\"1803\">\ud83d\udd39 4. Dur\u00e9e de conservation<\/h2><p data-start=\"1804\" data-end=\"1979\">Vos informations sont conserv\u00e9es uniquement tant que vous souhaitez recevoir mes emails.<br data-start=\"1892\" data-end=\"1895\" \/>Vous pouvez vous d\u00e9sinscrire en un clic \u2014 tous mes emails contiennent un lien d\u00e9di\u00e9.<\/p><p data-start=\"1804\" data-end=\"1979\">\u00a0<\/p><hr data-start=\"1981\" data-end=\"1984\" \/><h2 data-start=\"1986\" data-end=\"2024\">\u00a0<\/h2><h2 data-start=\"1986\" data-end=\"2024\">\ud83d\udd39 5. Les prestataires qui m\u2019aident<\/h2><p data-start=\"2025\" data-end=\"2131\">Pour envoyer mes emails ou h\u00e9berger mon site, j\u2019utilise des outils professionnels qui respectent le RGPD :<\/p><ul data-start=\"2133\" data-end=\"2241\"><li data-start=\"2133\" data-end=\"2165\"><p data-start=\"2135\" data-end=\"2165\"><strong data-start=\"2135\" data-end=\"2144\">Brevo<\/strong> (envoi des emails)<\/p><\/li><li data-start=\"2166\" data-end=\"2194\"><p data-start=\"2168\" data-end=\"2194\"><strong data-start=\"2168\" data-end=\"2181\">WordPress<\/strong> (site web)<\/p><\/li><li data-start=\"2195\" data-end=\"2241\"><p data-start=\"2197\" data-end=\"2241\"><strong data-start=\"2197\" data-end=\"2217\">Google Analytics<\/strong> (statistiques anonymes)<\/p><\/li><li data-start=\"2195\" data-end=\"2241\"><strong>Calendly<\/strong> ( prise de RDV en ligne )<\/li><\/ul><p data-start=\"2243\" data-end=\"2311\">Ces services n\u2019utilisent pas vos donn\u00e9es pour leur propre publicit\u00e9.<\/p><p data-start=\"2243\" data-end=\"2311\">\u00a0<\/p><hr data-start=\"2313\" data-end=\"2316\" \/><h2 data-start=\"2318\" data-end=\"2337\">\u00a0<\/h2><h2 data-start=\"2318\" data-end=\"2337\">\ud83d\udd39 6. Vos droits<\/h2><p data-start=\"2338\" data-end=\"2366\">\u00c0 tout moment, vous pouvez :<\/p><ul data-start=\"2368\" data-end=\"2507\"><li data-start=\"2368\" data-end=\"2393\"><p data-start=\"2370\" data-end=\"2393\">Consulter vos donn\u00e9es<\/p><\/li><li data-start=\"2394\" data-end=\"2410\"><p data-start=\"2396\" data-end=\"2410\">Les modifier<\/p><\/li><li data-start=\"2411\" data-end=\"2440\"><p data-start=\"2413\" data-end=\"2440\">Demander leur suppression<\/p><\/li><li data-start=\"2441\" data-end=\"2478\"><p data-start=\"2443\" data-end=\"2478\">Vous opposer \u00e0 l\u2019envoi des emails<\/p><\/li><li data-start=\"2479\" data-end=\"2507\"><p data-start=\"2481\" data-end=\"2507\">Retirer votre consentement<\/p><\/li><\/ul><p data-start=\"2509\" data-end=\"2570\">Pour cela, il suffit de m\u2019\u00e9crire \u00e0 : <strong data-start=\"2546\" data-end=\"2570\"><a class=\"decorated-link cursor-pointer\" rel=\"noopener\" data-start=\"2548\" data-end=\"2568\">plesolliec@gmail.com<\/a><\/strong><\/p><p data-start=\"2572\" data-end=\"2610\">Je r\u00e9ponds rapidement et avec plaisir.<\/p><p data-start=\"2572\" data-end=\"2610\">\u00a0<\/p><hr data-start=\"2612\" data-end=\"2615\" \/><h2 data-start=\"2617\" data-end=\"2654\">\u00a0<\/h2><h2 data-start=\"2617\" data-end=\"2654\">\ud83d\udd39 7. S\u00e9curit\u00e9 de vos informations<\/h2><p data-start=\"2655\" data-end=\"2790\">Je fais tout ce qui est n\u00e9cessaire pour prot\u00e9ger vos donn\u00e9es.<br data-start=\"2716\" data-end=\"2719\" \/>Elles ne sont ni vendues, ni \u00e9chang\u00e9es, ni partag\u00e9es sans votre accord.<\/p>\t\t\t\t\t\t\t\t<\/div>\n\t\t\t\t<\/div>\n\t\t\t\t<div class=\"elementor-element elementor-element-3a46d48 elementor-widget elementor-widget-spacer\" data-id=\"3a46d48\" data-element_type=\"widget\" data-e-type=\"widget\" data-widget_type=\"spacer.default\">\n\t\t\t\t<div class=\"elementor-widget-container\">\n\t\t\t\t\t\t\t<div class=\"elementor-spacer\">\n\t\t\t<div class=\"elementor-spacer-inner\"><\/div>\n\t\t<\/div>\n\t\t\t\t\t\t<\/div>\n\t\t\t\t<\/div>\n\t\t\t\t\t<\/div>\n\t\t<\/div>\n\t\t\t\t\t<\/div>\n\t\t<\/section>\n\t\t\t\t<section class=\"elementor-section elementor-top-section elementor-element elementor-element-f382a82 elementor-section-boxed elementor-section-height-default elementor-section-height-default\" data-id=\"f382a82\" data-element_type=\"section\" data-e-type=\"section\">\n\t\t\t\t\t\t<div class=\"elementor-container elementor-column-gap-default\">\n\t\t\t\t\t<div class=\"elementor-column elementor-col-100 elementor-top-column elementor-element elementor-element-c8df34d\" data-id=\"c8df34d\" data-element_type=\"column\" data-e-type=\"column\">\n\t\t\t<div class=\"elementor-widget-wrap elementor-element-populated\">\n\t\t\t\t\t\t<div class=\"elementor-element elementor-element-ffa6c3e elementor-align-center elementor-widget elementor-widget-button\" data-id=\"ffa6c3e\" data-element_type=\"widget\" data-e-type=\"widget\" data-widget_type=\"button.default\">\n\t\t\t\t<div class=\"elementor-widget-container\">\n\t\t\t\t\t\t\t\t\t<div class=\"elementor-button-wrapper\">\n\t\t\t\t\t<a class=\"elementor-button elementor-button-link elementor-size-sm\" href=\"https:\/\/unpasdecote.bzh\/index.php\/guide-3-outils-simples-pour-apaiser-vos-emotions\/\">\n\t\t\t\t\t\t<span class=\"elementor-button-content-wrapper\">\n\t\t\t\t\t\t\t\t\t<span class=\"elementor-button-text\">Revenir \u00e0 la page de t\u00e9l\u00e9chargement du guide <\/span>\n\t\t\t\t\t<\/span>\n\t\t\t\t\t<\/a>\n\t\t\t\t<\/div>\n\t\t\t\t\t\t\t\t<\/div>\n\t\t\t\t<\/div>\n\t\t\t\t\t<\/div>\n\t\t<\/div>\n\t\t\t\t\t<\/div>\n\t\t<\/section>\n\t\t\t\t<section class=\"elementor-section elementor-top-section elementor-element elementor-element-c13872e elementor-section-boxed elementor-section-height-default elementor-section-height-default\" data-id=\"c13872e\" data-element_type=\"section\" data-e-type=\"section\">\n\t\t\t\t\t\t<div class=\"elementor-container elementor-column-gap-default\">\n\t\t\t\t\t<div class=\"elementor-column elementor-col-100 elementor-top-column elementor-element elementor-element-02b471b\" data-id=\"02b471b\" data-element_type=\"column\" data-e-type=\"column\">\n\t\t\t<div class=\"elementor-widget-wrap elementor-element-populated\">\n\t\t\t\t\t\t<div class=\"elementor-element elementor-element-6393ef4 elementor-widget elementor-widget-spacer\" data-id=\"6393ef4\" data-element_type=\"widget\" data-e-type=\"widget\" data-widget_type=\"spacer.default\">\n\t\t\t\t<div class=\"elementor-widget-container\">\n\t\t\t\t\t\t\t<div class=\"elementor-spacer\">\n\t\t\t<div class=\"elementor-spacer-inner\"><\/div>\n\t\t<\/div>\n\t\t\t\t\t\t<\/div>\n\t\t\t\t<\/div>\n\t\t\t\t\t<\/div>\n\t\t<\/div>\n\t\t\t\t\t<\/div>\n\t\t<\/section>\n\t\t\t\t<\/div>\n\t\t","protected":false},"excerpt":{"rendered":"<p>Politique de confidentialit\u00e9\u00a0 Politique de confidentialit\u00e9 Politique de confidentialit\u00e9 \u2013 Une relation fond\u00e9e sur la confiance Je m\u2019appelle Patrick Le Solliec, Psychopraticien certifi\u00e9 ADREL \u00e0 Vannes. Dans mon m\u00e9tier, la confidentialit\u00e9 et le respect de votre vie priv\u00e9e ne sont pas seulement des obligations l\u00e9gales : ce sont les bases essentielles d\u2019une relation d\u2019accompagnement sereine. [&hellip;]<\/p>\n","protected":false},"author":1,"featured_media":0,"parent":0,"menu_order":0,"comment_status":"closed","ping_status":"closed","template":"","meta":{"site-sidebar-layout":"no-sidebar","site-content-layout":"page-builder","ast-site-content-layout":"full-width-container","site-content-style":"unboxed","site-sidebar-style":"unboxed","ast-global-header-display":"","ast-banner-title-visibility":"","ast-main-header-display":"","ast-hfb-above-header-display":"","ast-hfb-below-header-display":"","ast-hfb-mobile-header-display":"","site-post-title":"disabled","ast-breadcrumbs-content":"","ast-featured-img":"disabled","footer-sml-layout":"","ast-disable-related-posts":"","theme-transparent-header-meta":"","adv-header-id-meta":"","stick-header-meta":"","header-above-stick-meta":"","header-main-stick-meta":"","header-below-stick-meta":"","astra-migrate-meta-layouts":"set","ast-page-background-enabled":"default","ast-page-background-meta":{"desktop":{"background-color":"var(--ast-global-color-4)","background-image":"","background-repeat":"repeat","background-position":"center center","background-size":"auto","background-attachment":"scroll","background-type":"","background-media":"","overlay-type":"","overlay-color":"","overlay-opacity":"","overlay-gradient":""},"tablet":{"background-color":"","background-image":"","background-repeat":"repeat","background-position":"center center","background-size":"auto","background-attachment":"scroll","background-type":"","background-media":"","overlay-type":"","overlay-color":"","overlay-opacity":"","overlay-gradient":""},"mobile":{"background-color":"","background-image":"","background-repeat":"repeat","background-position":"center center","background-size":"auto","background-attachment":"scroll","background-type":"","background-media":"","overlay-type":"","overlay-color":"","overlay-opacity":"","overlay-gradient":""}},"ast-content-background-meta":{"desktop":{"background-color":"var(--ast-global-color-5)","background-image":"","background-repeat":"repeat","background-position":"center center","background-size":"auto","background-attachment":"scroll","background-type":"","background-media":"","overlay-type":"","overlay-color":"","overlay-opacity":"","overlay-gradient":""},"tablet":{"background-color":"var(--ast-global-color-5)","background-image":"","background-repeat":"repeat","background-position":"center center","background-size":"auto","background-attachment":"scroll","background-type":"","background-media":"","overlay-type":"","overlay-color":"","overlay-opacity":"","overlay-gradient":""},"mobile":{"background-color":"var(--ast-global-color-5)","background-image":"","background-repeat":"repeat","background-position":"center center","background-size":"auto","background-attachment":"scroll","background-type":"","background-media":"","overlay-type":"","overlay-color":"","overlay-opacity":"","overlay-gradient":""}},"footnotes":""},"class_list":["post-6292","page","type-page","status-publish","hentry"],"_links":{"self":[{"href":"https:\/\/unpasdecote.bzh\/index.php\/wp-json\/wp\/v2\/pages\/6292","targetHints":{"allow":["GET"]}}],"collection":[{"href":"https:\/\/unpasdecote.bzh\/index.php\/wp-json\/wp\/v2\/pages"}],"about":[{"href":"https:\/\/unpasdecote.bzh\/index.php\/wp-json\/wp\/v2\/types\/page"}],"author":[{"embeddable":true,"href":"https:\/\/unpasdecote.bzh\/index.php\/wp-json\/wp\/v2\/users\/1"}],"replies":[{"embeddable":true,"href":"https:\/\/unpasdecote.bzh\/index.php\/wp-json\/wp\/v2\/comments?post=6292"}],"version-history":[{"count":0,"href":"https:\/\/unpasdecote.bzh\/index.php\/wp-json\/wp\/v2\/pages\/6292\/revisions"}],"wp:attachment":[{"href":"https:\/\/unpasdecote.bzh\/index.php\/wp-json\/wp\/v2\/media?parent=6292"}],"curies":[{"name":"wp","href":"https:\/\/api.w.org\/{rel}","templated":true}]}}